{"id":4056,"date":"2023-07-01T21:11:51","date_gmt":"2023-07-01T21:11:51","guid":{"rendered":"https:\/\/blikopgeld.nl\/?page_id=4056"},"modified":"2024-06-26T13:44:00","modified_gmt":"2024-06-26T13:44:00","slug":"coaching","status":"publish","type":"page","link":"https:\/\/blikopgeld.nl\/index.php\/coaching\/","title":{"rendered":"Coaching"},"content":{"rendered":"\t\t<div data-elementor-type=\"wp-page\" data-elementor-id=\"4056\" class=\"elementor elementor-4056\">\n\t\t\t\t\t\t<section class=\"elementor-section elementor-top-section elementor-element elementor-element-1c6cb53 elementor-section-boxed elementor-section-height-default elementor-section-height-default\" data-id=\"1c6cb53\" data-element_type=\"section\" data-e-type=\"section\">\n\t\t\t\t\t\t<div class=\"elementor-container elementor-column-gap-default\">\n\t\t\t\t\t<div class=\"elementor-column elementor-col-100 elementor-top-column elementor-element elementor-element-348e500\" data-id=\"348e500\" data-element_type=\"column\" data-e-type=\"column\">\n\t\t\t<div class=\"elementor-widget-wrap elementor-element-populated\">\n\t\t\t\t\t\t<div class=\"elementor-element elementor-element-dc542cc elementor-widget elementor-widget-heading\" data-id=\"dc542cc\" data-element_type=\"widget\" data-e-type=\"widget\" data-widget_type=\"heading.default\">\n\t\t\t\t<div class=\"elementor-widget-container\">\n\t\t\t\t\t<h2 class=\"elementor-heading-title elementor-size-default\"><br>Coaching<\/h2>\t\t\t\t<\/div>\n\t\t\t\t<\/div>\n\t\t\t\t\t<\/div>\n\t\t<\/div>\n\t\t\t\t\t<\/div>\n\t\t<\/section>\n\t\t\t\t<section class=\"elementor-section elementor-top-section elementor-element elementor-element-81c2232 elementor-section-boxed elementor-section-height-default elementor-section-height-default\" data-id=\"81c2232\" data-element_type=\"section\" data-e-type=\"section\">\n\t\t\t\t\t\t<div class=\"elementor-container elementor-column-gap-default\">\n\t\t\t\t\t<div class=\"elementor-column elementor-col-100 elementor-top-column elementor-element elementor-element-e2c74ec\" data-id=\"e2c74ec\" data-element_type=\"column\" data-e-type=\"column\">\n\t\t\t<div class=\"elementor-widget-wrap elementor-element-populated\">\n\t\t\t\t\t\t<div class=\"elementor-element elementor-element-4e34c06 elementor-widget elementor-widget-text-editor\" data-id=\"4e34c06\" data-element_type=\"widget\" data-e-type=\"widget\" data-widget_type=\"text-editor.default\">\n\t\t\t\t<div class=\"elementor-widget-container\">\n\t\t\t\t\t\t\t\t\t<p><img fetchpriority=\"high\" decoding=\"async\" class=\"alignright wp-image-4405\" src=\"https:\/\/blikopgeld.nl\/wp-content\/uploads\/2023\/11\/8-1024x685.png\" alt=\"\" width=\"400\" height=\"267\" srcset=\"https:\/\/blikopgeld.nl\/wp-content\/uploads\/2023\/11\/8-1024x685.png 1024w, https:\/\/blikopgeld.nl\/wp-content\/uploads\/2023\/11\/8-300x201.png 300w, https:\/\/blikopgeld.nl\/wp-content\/uploads\/2023\/11\/8-768x513.png 768w, https:\/\/blikopgeld.nl\/wp-content\/uploads\/2023\/11\/8-1536x1027.png 1536w, https:\/\/blikopgeld.nl\/wp-content\/uploads\/2023\/11\/8-2048x1369.png 2048w\" sizes=\"(max-width: 400px) 100vw, 400px\" \/>Je herkent het misschien wel. Geen overzicht hebben in je financi\u00ebn, het levert veel stress op. Je hebt vaak het gevoel geleefd te worden en loopt regelmatig achter de feiten aan. Ook al heb je leuk werk en verdien je goed, het geld is ook steeds weer verdwenen voor je er erg in hebt. Maar waaraan? Eigenlijk weet je het niet zo goed.<\/p><p>Wanneer je \u00e9\u00e9n van mijn coachingtrajecten volgt leer je hoe je inzicht krijgt in je financi\u00ebn \u00e9n hoe je deze makkelijk behoudt. Je brengt je financi\u00eble doelen in kaart en ontdekt hoe je deze kunt realiseren. Je kunt kiezen uit een kortdurend traject van 2 tot 3 maanden om Grip op je Geldzaken te krijgen of een traject van 6 maanden waarbij je je ook focust op je leefstijl op de lange termijn.\u00a0<\/p><h4>Coaching Grip op je Geldzaken in 3 Maanden<\/h4><p>Merk jij dat je regelmatig vastloopt in je financi\u00ebn of niet goed weet waar je geld naar toe gaat? Vind je het vreselijk om met getallen te werken en weet je niet waar te beginnen? Misschien ben je door financi\u00eble problemen bang wat je zult aantreffen of weet je niet hoe je het op moet lossen en stel je het daarom uit. Na het coachingtraject <strong>Grip op je Geldzaken in 3 Maanden<\/strong> heb jij binnen no time de regie weer terug. Ik help je zelfverzekerd en doelgericht stappen te zetten naar een toekomst in goede financi\u00eble gezondheid!<\/p><p>Het traject is ook erg geschikt als je er financieel goed voorstaat, maar je je geld beter wil beheren om overzicht te houden. Zo kun jij je doelen makkelijker bereiken.\u00a0<\/p><p><a href=\"https:\/\/blikopgeld.nl\/index.php\/gripopjegeldzaken\/\">Lees hier meer en meld je aan<\/a><\/p><h4>Coaching Droomleven in zicht<\/h4><p>Een leuk leven, fijne vrienden en familie\u2026 Ook al lijkt bijna alles te kloppen, toch voel je af en toe onrust. Is dit het nu? Ooit had je die droom, waar is die gebleven? Ben je bang je zekerheden op te geven of durf je door een gebrek aan financieel overzicht je droom niet te realiseren?<\/p><p>Tijdens het coachingtraject <strong>Droomleven in zicht<\/strong> maak je op basis van je doelen en financi\u00ebn een financieel plan en zet je hiermee de eerste stap om je droom werkelijkheid te maken. Ik begeleid je 4 maanden lang in het doorlopen van het traject en samen lossen we de problemen op die je onderweg tegenkomt.<\/p><p><a href=\"https:\/\/blikopgeld.nl\/index.php\/coaching-droomleven-in-zicht\/\">Lees hier meer en meld je aan<\/a><\/p>\t\t\t\t\t\t\t\t<\/div>\n\t\t\t\t<\/div>\n\t\t\t\t\t<\/div>\n\t\t<\/div>\n\t\t\t\t\t<\/div>\n\t\t<\/section>\n\t\t\t\t<\/div>\n\t\t","protected":false},"excerpt":{"rendered":"<p>Coaching Je herkent het misschien wel. Geen overzicht hebben in je financi\u00ebn, het levert veel stress op. Je hebt vaak het gevoel geleefd te worden en loopt regelmatig achter de feiten aan. Ook al heb je leuk werk en verdien je goed, het geld is ook steeds weer verdwenen voor je er erg in hebt. [&hellip;]<\/p>\n","protected":false},"author":1,"featured_media":0,"parent":0,"menu_order":0,"comment_status":"closed","ping_status":"closed","template":"","meta":{"om_disable_all_campaigns":false,"_uag_custom_page_level_css":"","_monsterinsights_skip_tracking":false,"_monsterinsights_sitenote_active":false,"_monsterinsights_sitenote_note":"","_monsterinsights_sitenote_category":0,"site-sidebar-layout":"no-sidebar","site-content-layout":"page-builder","ast-site-content-layout":"full-width-container","site-content-style":"unboxed","site-sidebar-style":"unboxed","ast-global-header-display":"","ast-banner-title-visibility":"","ast-main-header-display":"","ast-hfb-above-header-display":"","ast-hfb-below-header-display":"","ast-hfb-mobile-header-display":"","site-post-title":"disabled","ast-breadcrumbs-content":"","ast-featured-img":"disabled","footer-sml-layout":"","ast-disable-related-posts":"","theme-transparent-header-meta":"","adv-header-id-meta":"","stick-header-meta":"","header-above-stick-meta":"","header-main-stick-meta":"","header-below-stick-meta":"","astra-migrate-meta-layouts":"set","ast-page-background-enabled":"default","ast-page-background-meta":{"desktop":{"background-color":"","background-image":"","background-repeat":"repeat","background-position":"center center","background-size":"auto","background-attachment":"scroll","background-type":"","background-media":"","overlay-type":"","overlay-color":"","overlay-opacity":"","overlay-gradient":""},"tablet":{"background-color":"","background-image":"","background-repeat":"repeat","background-position":"center center","background-size":"auto","background-attachment":"scroll","background-type":"","background-media":"","overlay-type":"","overlay-color":"","overlay-opacity":"","overlay-gradient":""},"mobile":{"background-color":"","background-image":"","background-repeat":"repeat","background-position":"center center","background-size":"auto","background-attachment":"scroll","background-type":"","background-media":"","overlay-type":"","overlay-color":"","overlay-opacity":"","overlay-gradient":""}},"ast-content-background-meta":{"desktop":{"background-color":"var(--ast-global-color-5)","background-image":"","background-repeat":"repeat","background-position":"center center","background-size":"auto","background-attachment":"scroll","background-type":"","background-media":"","overlay-type":"","overlay-color":"","overlay-opacity":"","overlay-gradient":""},"tablet":{"background-color":"var(--ast-global-color-5)","background-image":"","background-repeat":"repeat","background-position":"center center","background-size":"auto","background-attachment":"scroll","background-type":"","background-media":"","overlay-type":"","overlay-color":"","overlay-opacity":"","overlay-gradient":""},"mobile":{"background-color":"var(--ast-global-color-5)","background-image":"","background-repeat":"repeat","background-position":"center center","background-size":"auto","background-attachment":"scroll","background-type":"","background-media":"","overlay-type":"","overlay-color":"","overlay-opacity":"","overlay-gradient":""}},"footnotes":""},"class_list":["post-4056","page","type-page","status-publish","hentry"],"yoast_head":"<!-- This site is optimized with the Yoast SEO Premium plugin v25.3 (Yoast SEO v27.3) - https:\/\/yoast.com\/product\/yoast-seo-premium-wordpress\/ -->\n<title>Coaching - blikopgeld.nl<\/title>\n<meta name=\"description\" content=\"Blikopgeld.nl - Financieel inzicht voor het leven van je droom\" \/>\n<meta name=\"robots\" content=\"index, follow, max-snippet:-1, max-image-preview:large, max-video-preview:-1\" \/>\n<link rel=\"canonical\" href=\"https:\/\/blikopgeld.nl\/index.php\/coaching\/\" \/>\n<meta property=\"og:locale\" content=\"nl_NL\" \/>\n<meta property=\"og:type\" content=\"article\" \/>\n<meta property=\"og:title\" content=\"Coaching\" \/>\n<meta property=\"og:description\" content=\"Blikopgeld.nl - Financieel inzicht voor het leven van je droom\" \/>\n<meta property=\"og:url\" content=\"https:\/\/blikopgeld.nl\/index.php\/coaching\/\" \/>\n<meta property=\"og:site_name\" content=\"blikopgeld.nl\" \/>\n<meta property=\"article:publisher\" content=\"https:\/\/www.facebook.com\/blikopgeld\" \/>\n<meta property=\"article:modified_time\" content=\"2024-06-26T13:44:00+00:00\" \/>\n<meta property=\"og:image\" content=\"http:\/\/blikopgeld.nl\/wp-content\/uploads\/2023\/11\/8-1024x685.png\" \/>\n<meta name=\"twitter:card\" content=\"summary_large_image\" \/>\n<meta name=\"twitter:label1\" content=\"Geschatte leestijd\" \/>\n\t<meta name=\"twitter:data1\" content=\"3 minuten\" \/>\n<script type=\"application\/ld+json\" class=\"yoast-schema-graph\">{\"@context\":\"https:\\\/\\\/schema.org\",\"@graph\":[{\"@type\":\"WebPage\",\"@id\":\"https:\\\/\\\/blikopgeld.nl\\\/index.php\\\/coaching\\\/\",\"url\":\"https:\\\/\\\/blikopgeld.nl\\\/index.php\\\/coaching\\\/\",\"name\":\"Coaching - blikopgeld.nl\",\"isPartOf\":{\"@id\":\"https:\\\/\\\/blikopgeld.nl\\\/#website\"},\"primaryImageOfPage\":{\"@id\":\"https:\\\/\\\/blikopgeld.nl\\\/index.php\\\/coaching\\\/#primaryimage\"},\"image\":{\"@id\":\"https:\\\/\\\/blikopgeld.nl\\\/index.php\\\/coaching\\\/#primaryimage\"},\"thumbnailUrl\":\"http:\\\/\\\/blikopgeld.nl\\\/wp-content\\\/uploads\\\/2023\\\/11\\\/8-1024x685.png\",\"datePublished\":\"2023-07-01T21:11:51+00:00\",\"dateModified\":\"2024-06-26T13:44:00+00:00\",\"description\":\"Blikopgeld.nl - Financieel inzicht voor het leven van je droom\",\"breadcrumb\":{\"@id\":\"https:\\\/\\\/blikopgeld.nl\\\/index.php\\\/coaching\\\/#breadcrumb\"},\"inLanguage\":\"nl-NL\",\"potentialAction\":[{\"@type\":\"ReadAction\",\"target\":[\"https:\\\/\\\/blikopgeld.nl\\\/index.php\\\/coaching\\\/\"]}]},{\"@type\":\"ImageObject\",\"inLanguage\":\"nl-NL\",\"@id\":\"https:\\\/\\\/blikopgeld.nl\\\/index.php\\\/coaching\\\/#primaryimage\",\"url\":\"http:\\\/\\\/blikopgeld.nl\\\/wp-content\\\/uploads\\\/2023\\\/11\\\/8-1024x685.png\",\"contentUrl\":\"http:\\\/\\\/blikopgeld.nl\\\/wp-content\\\/uploads\\\/2023\\\/11\\\/8-1024x685.png\"},{\"@type\":\"BreadcrumbList\",\"@id\":\"https:\\\/\\\/blikopgeld.nl\\\/index.php\\\/coaching\\\/#breadcrumb\",\"itemListElement\":[{\"@type\":\"ListItem\",\"position\":1,\"name\":\"Home\",\"item\":\"https:\\\/\\\/blikopgeld.nl\\\/\"},{\"@type\":\"ListItem\",\"position\":2,\"name\":\"Coaching\"}]},{\"@type\":\"WebSite\",\"@id\":\"https:\\\/\\\/blikopgeld.nl\\\/#website\",\"url\":\"https:\\\/\\\/blikopgeld.nl\\\/\",\"name\":\"blikopgeld.nl\",\"description\":\"Jouw financi\u00ebn eenvoudig op orde\",\"publisher\":{\"@id\":\"https:\\\/\\\/blikopgeld.nl\\\/#organization\"},\"alternateName\":\"Blik op Geld\",\"potentialAction\":[{\"@type\":\"SearchAction\",\"target\":{\"@type\":\"EntryPoint\",\"urlTemplate\":\"https:\\\/\\\/blikopgeld.nl\\\/?s={search_term_string}\"},\"query-input\":{\"@type\":\"PropertyValueSpecification\",\"valueRequired\":true,\"valueName\":\"search_term_string\"}}],\"inLanguage\":\"nl-NL\"},{\"@type\":\"Organization\",\"@id\":\"https:\\\/\\\/blikopgeld.nl\\\/#organization\",\"name\":\"Blikopgeld.nl\",\"alternateName\":\"Blik op Geld\",\"url\":\"https:\\\/\\\/blikopgeld.nl\\\/\",\"logo\":{\"@type\":\"ImageObject\",\"inLanguage\":\"nl-NL\",\"@id\":\"https:\\\/\\\/blikopgeld.nl\\\/#\\\/schema\\\/logo\\\/image\\\/\",\"url\":\"https:\\\/\\\/blikopgeld.nl\\\/wp-content\\\/uploads\\\/2023\\\/02\\\/cropped-BOG.png\",\"contentUrl\":\"https:\\\/\\\/blikopgeld.nl\\\/wp-content\\\/uploads\\\/2023\\\/02\\\/cropped-BOG.png\",\"width\":482,\"height\":475,\"caption\":\"Blikopgeld.nl\"},\"image\":{\"@id\":\"https:\\\/\\\/blikopgeld.nl\\\/#\\\/schema\\\/logo\\\/image\\\/\"},\"sameAs\":[\"https:\\\/\\\/www.facebook.com\\\/blikopgeld\",\"https:\\\/\\\/www.instagram.com\\\/blikopgeld\\\/\",\"https:\\\/\\\/www.pinterest.com\\\/blikopgeld\\\/\"],\"description\":\"Blikopgeld.nl helpt mensen eenvoudig hun financi\u00ebn op orde te brengen door middel van informatie, tips en coaching op het gebied van persoonlijke financi\u00ebn.\",\"email\":\"info@blikopgeld.nl\",\"foundingDate\":\"2023-05-04\",\"numberOfEmployees\":{\"@type\":\"QuantitativeValue\",\"minValue\":\"1\",\"maxValue\":\"10\"}}]}<\/script>\n<!-- \/ Yoast SEO Premium plugin. -->","yoast_head_json":{"title":"Coaching - blikopgeld.nl","description":"Blikopgeld.nl - Financieel inzicht voor het leven van je droom","robots":{"index":"index","follow":"follow","max-snippet":"max-snippet:-1","max-image-preview":"max-image-preview:large","max-video-preview":"max-video-preview:-1"},"canonical":"https:\/\/blikopgeld.nl\/index.php\/coaching\/","og_locale":"nl_NL","og_type":"article","og_title":"Coaching","og_description":"Blikopgeld.nl - Financieel inzicht voor het leven van je droom","og_url":"https:\/\/blikopgeld.nl\/index.php\/coaching\/","og_site_name":"blikopgeld.nl","article_publisher":"https:\/\/www.facebook.com\/blikopgeld","article_modified_time":"2024-06-26T13:44:00+00:00","og_image":[{"url":"http:\/\/blikopgeld.nl\/wp-content\/uploads\/2023\/11\/8-1024x685.png","type":"","width":"","height":""}],"twitter_card":"summary_large_image","twitter_misc":{"Geschatte leestijd":"3 minuten"},"schema":{"@context":"https:\/\/schema.org","@graph":[{"@type":"WebPage","@id":"https:\/\/blikopgeld.nl\/index.php\/coaching\/","url":"https:\/\/blikopgeld.nl\/index.php\/coaching\/","name":"Coaching - blikopgeld.nl","isPartOf":{"@id":"https:\/\/blikopgeld.nl\/#website"},"primaryImageOfPage":{"@id":"https:\/\/blikopgeld.nl\/index.php\/coaching\/#primaryimage"},"image":{"@id":"https:\/\/blikopgeld.nl\/index.php\/coaching\/#primaryimage"},"thumbnailUrl":"http:\/\/blikopgeld.nl\/wp-content\/uploads\/2023\/11\/8-1024x685.png","datePublished":"2023-07-01T21:11:51+00:00","dateModified":"2024-06-26T13:44:00+00:00","description":"Blikopgeld.nl - Financieel inzicht voor het leven van je droom","breadcrumb":{"@id":"https:\/\/blikopgeld.nl\/index.php\/coaching\/#breadcrumb"},"inLanguage":"nl-NL","potentialAction":[{"@type":"ReadAction","target":["https:\/\/blikopgeld.nl\/index.php\/coaching\/"]}]},{"@type":"ImageObject","inLanguage":"nl-NL","@id":"https:\/\/blikopgeld.nl\/index.php\/coaching\/#primaryimage","url":"http:\/\/blikopgeld.nl\/wp-content\/uploads\/2023\/11\/8-1024x685.png","contentUrl":"http:\/\/blikopgeld.nl\/wp-content\/uploads\/2023\/11\/8-1024x685.png"},{"@type":"BreadcrumbList","@id":"https:\/\/blikopgeld.nl\/index.php\/coaching\/#breadcrumb","itemListElement":[{"@type":"ListItem","position":1,"name":"Home","item":"https:\/\/blikopgeld.nl\/"},{"@type":"ListItem","position":2,"name":"Coaching"}]},{"@type":"WebSite","@id":"https:\/\/blikopgeld.nl\/#website","url":"https:\/\/blikopgeld.nl\/","name":"blikopgeld.nl","description":"Jouw financi\u00ebn eenvoudig op orde","publisher":{"@id":"https:\/\/blikopgeld.nl\/#organization"},"alternateName":"Blik op Geld","potentialAction":[{"@type":"SearchAction","target":{"@type":"EntryPoint","urlTemplate":"https:\/\/blikopgeld.nl\/?s={search_term_string}"},"query-input":{"@type":"PropertyValueSpecification","valueRequired":true,"valueName":"search_term_string"}}],"inLanguage":"nl-NL"},{"@type":"Organization","@id":"https:\/\/blikopgeld.nl\/#organization","name":"Blikopgeld.nl","alternateName":"Blik op Geld","url":"https:\/\/blikopgeld.nl\/","logo":{"@type":"ImageObject","inLanguage":"nl-NL","@id":"https:\/\/blikopgeld.nl\/#\/schema\/logo\/image\/","url":"https:\/\/blikopgeld.nl\/wp-content\/uploads\/2023\/02\/cropped-BOG.png","contentUrl":"https:\/\/blikopgeld.nl\/wp-content\/uploads\/2023\/02\/cropped-BOG.png","width":482,"height":475,"caption":"Blikopgeld.nl"},"image":{"@id":"https:\/\/blikopgeld.nl\/#\/schema\/logo\/image\/"},"sameAs":["https:\/\/www.facebook.com\/blikopgeld","https:\/\/www.instagram.com\/blikopgeld\/","https:\/\/www.pinterest.com\/blikopgeld\/"],"description":"Blikopgeld.nl helpt mensen eenvoudig hun financi\u00ebn op orde te brengen door middel van informatie, tips en coaching op het gebied van persoonlijke financi\u00ebn.","email":"info@blikopgeld.nl","foundingDate":"2023-05-04","numberOfEmployees":{"@type":"QuantitativeValue","minValue":"1","maxValue":"10"}}]}},"uagb_featured_image_src":{"full":false,"thumbnail":false,"medium":false,"medium_large":false,"large":false,"1536x1536":false,"2048x2048":false,"bdpp-medium":false},"uagb_author_info":{"display_name":"admin","author_link":"https:\/\/blikopgeld.nl\/index.php\/author\/jorikterhorstgmail-com\/"},"uagb_comment_info":0,"uagb_excerpt":"Coaching Je herkent het misschien wel. Geen overzicht hebben in je financi\u00ebn, het levert veel stress op. Je hebt vaak het gevoel geleefd te worden en loopt regelmatig achter de feiten aan. Ook al heb je leuk werk en verdien je goed, het geld is ook steeds weer verdwenen voor je er erg in hebt.&hellip;","_links":{"self":[{"href":"https:\/\/blikopgeld.nl\/index.php\/wp-json\/wp\/v2\/pages\/4056","targetHints":{"allow":["GET"]}}],"collection":[{"href":"https:\/\/blikopgeld.nl\/index.php\/wp-json\/wp\/v2\/pages"}],"about":[{"href":"https:\/\/blikopgeld.nl\/index.php\/wp-json\/wp\/v2\/types\/page"}],"author":[{"embeddable":true,"href":"https:\/\/blikopgeld.nl\/index.php\/wp-json\/wp\/v2\/users\/1"}],"replies":[{"embeddable":true,"href":"https:\/\/blikopgeld.nl\/index.php\/wp-json\/wp\/v2\/comments?post=4056"}],"version-history":[{"count":68,"href":"https:\/\/blikopgeld.nl\/index.php\/wp-json\/wp\/v2\/pages\/4056\/revisions"}],"predecessor-version":[{"id":4948,"href":"https:\/\/blikopgeld.nl\/index.php\/wp-json\/wp\/v2\/pages\/4056\/revisions\/4948"}],"wp:attachment":[{"href":"https:\/\/blikopgeld.nl\/index.php\/wp-json\/wp\/v2\/media?parent=4056"}],"curies":[{"name":"wp","href":"https:\/\/api.w.org\/{rel}","templated":true}]}}